{"id":997,"date":"2021-03-20T04:33:48","date_gmt":"2021-03-20T07:33:48","guid":{"rendered":"http:\/\/dev.netrisk.com.tr\/dv\/?page_id=997"},"modified":"2021-03-30T19:40:32","modified_gmt":"2021-03-30T22:40:32","slug":"iso-27001","status":"publish","type":"page","link":"https:\/\/www.zetarisk.com\/tr\/?page_id=997","title":{"rendered":"ISO 27001"},"content":{"rendered":"\n<p><strong>Bilgi G\u00fcvenli\u011fi standard\u0131 risk tabanl\u0131 yakla\u015f\u0131m\u0131 ile kurulu\u015flar\u0131n bu s\u00fcre\u00e7lerinde bilgi ve bilgi varl\u0131klar\u0131n\u0131n korunmas\u0131 i\u00e7in do\u011fru insan kaynaklar\u0131, prosed\u00fcrler ve bilgi teknolojileri altyap\u0131lar\u0131 ile hedeflenen g\u00fcvenlik d\u00fczeyini sa\u011flamaktad\u0131r.<\/strong><\/p>\n\n\n\n<div class=\"wp-block-image\"><figure class=\"aligncenter size-large\"><img loading=\"lazy\" decoding=\"async\" width=\"591\" height=\"830\" src=\"https:\/\/www.zetarisk.com\/tr\/wp-content\/uploads\/2021\/03\/27001-Tr.jpg\" alt=\"\" class=\"wp-image-1456\" srcset=\"https:\/\/www.zetarisk.com\/tr\/wp-content\/uploads\/2021\/03\/27001-Tr.jpg 591w, https:\/\/www.zetarisk.com\/tr\/wp-content\/uploads\/2021\/03\/27001-Tr-214x300.jpg 214w\" sizes=\"auto, (max-width: 591px) 100vw, 591px\" \/><\/figure><\/div>\n\n\n\n<hr class=\"wp-block-separator\"\/>\n","protected":false},"excerpt":{"rendered":"<p>Bilgi G\u00fcvenli\u011fi standard\u0131 risk tabanl\u0131 yakla\u015f\u0131m\u0131 ile kurulu\u015flar\u0131n bu s\u00fcre\u00e7lerinde bilgi ve bilgi varl\u0131klar\u0131n\u0131n korunmas\u0131 i\u00e7in do\u011fru insan kaynaklar\u0131, prosed\u00fcrler ve bilgi teknolojileri altyap\u0131lar\u0131 ile hedeflenen g\u00fcvenlik d\u00fczeyini sa\u011flamaktad\u0131r.<\/p>\n","protected":false},"author":1,"featured_media":0,"parent":0,"menu_order":0,"comment_status":"closed","ping_status":"closed","template":"page-templates\/full-width-container.php","meta":{"footnotes":""},"class_list":["post-997","page","type-page","status-publish","hentry"],"_links":{"self":[{"href":"https:\/\/www.zetarisk.com\/tr\/index.php?rest_route=\/wp\/v2\/pages\/997","targetHints":{"allow":["GET"]}}],"collection":[{"href":"https:\/\/www.zetarisk.com\/tr\/index.php?rest_route=\/wp\/v2\/pages"}],"about":[{"href":"https:\/\/www.zetarisk.com\/tr\/index.php?rest_route=\/wp\/v2\/types\/page"}],"author":[{"embeddable":true,"href":"https:\/\/www.zetarisk.com\/tr\/index.php?rest_route=\/wp\/v2\/users\/1"}],"replies":[{"embeddable":true,"href":"https:\/\/www.zetarisk.com\/tr\/index.php?rest_route=%2Fwp%2Fv2%2Fcomments&post=997"}],"version-history":[{"count":2,"href":"https:\/\/www.zetarisk.com\/tr\/index.php?rest_route=\/wp\/v2\/pages\/997\/revisions"}],"predecessor-version":[{"id":1457,"href":"https:\/\/www.zetarisk.com\/tr\/index.php?rest_route=\/wp\/v2\/pages\/997\/revisions\/1457"}],"wp:attachment":[{"href":"https:\/\/www.zetarisk.com\/tr\/index.php?rest_route=%2Fwp%2Fv2%2Fmedia&parent=997"}],"curies":[{"name":"wp","href":"https:\/\/api.w.org\/{rel}","templated":true}]}}