{"id":980,"date":"2021-03-20T04:05:19","date_gmt":"2021-03-20T07:05:19","guid":{"rendered":"http:\/\/dev.netrisk.com.tr\/dv\/?page_id=980"},"modified":"2021-03-30T19:47:38","modified_gmt":"2021-03-30T22:47:38","slug":"kullanim-ve-uyelik-sozlesmesi","status":"publish","type":"page","link":"https:\/\/www.zetarisk.com\/tr\/?page_id=980","title":{"rendered":"Kullan\u0131m ve \u00dcyelik S\u00f6zle\u015fmesi"},"content":{"rendered":"\n<p>\u0130\u015fbu \u00dcyelik S\u00f6zle\u015fmesi ZETA R\u0130SK Y\u00d6NET\u0130M\u0130 VE DESTEK H\u0130ZMETLER\u0130 A.\u015e ve ba\u011fl\u0131 i\u015ftirakler taraf\u0131ndan, www.netrisk.com.tr web sitesinin kullan\u0131lmas\u0131na ili\u015fkin kurallar\u0131 ve \u015fartlar\u0131 belirlemek amac\u0131yla haz\u0131rlam\u0131\u015ft\u0131r.<\/p>\n\n\n\n<p><\/p>\n","protected":false},"excerpt":{"rendered":"<p>\u0130\u015fbu \u00dcyelik S\u00f6zle\u015fmesi ZETA R\u0130SK Y\u00d6NET\u0130M\u0130 VE DESTEK H\u0130ZMETLER\u0130 A.\u015e ve ba\u011fl\u0131 i\u015ftirakler taraf\u0131ndan, www.netrisk.com.tr web sitesinin kullan\u0131lmas\u0131na ili\u015fkin kurallar\u0131 ve \u015fartlar\u0131 belirlemek amac\u0131yla haz\u0131rlam\u0131\u015ft\u0131r.<\/p>\n","protected":false},"author":1,"featured_media":0,"parent":0,"menu_order":0,"comment_status":"closed","ping_status":"closed","template":"page-templates\/full-width-container.php","meta":{"footnotes":""},"class_list":["post-980","page","type-page","status-publish","hentry"],"_links":{"self":[{"href":"https:\/\/www.zetarisk.com\/tr\/index.php?rest_route=\/wp\/v2\/pages\/980","targetHints":{"allow":["GET"]}}],"collection":[{"href":"https:\/\/www.zetarisk.com\/tr\/index.php?rest_route=\/wp\/v2\/pages"}],"about":[{"href":"https:\/\/www.zetarisk.com\/tr\/index.php?rest_route=\/wp\/v2\/types\/page"}],"author":[{"embeddable":true,"href":"https:\/\/www.zetarisk.com\/tr\/index.php?rest_route=\/wp\/v2\/users\/1"}],"replies":[{"embeddable":true,"href":"https:\/\/www.zetarisk.com\/tr\/index.php?rest_route=%2Fwp%2Fv2%2Fcomments&post=980"}],"version-history":[{"count":1,"href":"https:\/\/www.zetarisk.com\/tr\/index.php?rest_route=\/wp\/v2\/pages\/980\/revisions"}],"predecessor-version":[{"id":1461,"href":"https:\/\/www.zetarisk.com\/tr\/index.php?rest_route=\/wp\/v2\/pages\/980\/revisions\/1461"}],"wp:attachment":[{"href":"https:\/\/www.zetarisk.com\/tr\/index.php?rest_route=%2Fwp%2Fv2%2Fmedia&parent=980"}],"curies":[{"name":"wp","href":"https:\/\/api.w.org\/{rel}","templated":true}]}}