{"id":890,"date":"2021-03-19T14:39:52","date_gmt":"2021-03-19T17:39:52","guid":{"rendered":"http:\/\/dev.netrisk.com.tr\/dv\/?page_id=890"},"modified":"2021-03-30T19:58:00","modified_gmt":"2021-03-30T22:58:00","slug":"hakkimizda","status":"publish","type":"page","link":"https:\/\/www.zetarisk.com\/tr\/?page_id=890","title":{"rendered":"Hakk\u0131m\u0131zda"},"content":{"rendered":"\n<p class=\"has-medium-font-size\">Sigorta ve finans alan\u0131nda, yurti\u00e7i ve yurtd\u0131\u015f\u0131 ara\u015ft\u0131rmalar\u0131m\u0131z sonucunda gereksinimleri saptayarak, mikro \u00fcr\u00fcn ve hizmetler geli\u015ftirerek 2015 y\u0131l\u0131ndan itibaren \u00e7al\u0131\u015fmalar\u0131m\u0131za ba\u015flad\u0131k. Sekt\u00f6rde uzun y\u0131llar uzman ve y\u00f6neticilik yapm\u0131\u015f bir ekip ve altyap\u0131 olu\u015fturduk.<\/p>\n\n\n\n<p class=\"has-medium-font-size\">Zeta Risk olarak, anla\u015fmal\u0131 kurum a\u011flar\u0131 olu\u015fturuyor, hizmet organizasyonu yap\u0131yor, underwriting, risk, \u00fcr\u00fcn ve s\u00fcre\u00e7 y\u00f6netiminde dan\u0131\u015fmanl\u0131k vererek ba\u015fta sigorta, banka ve turizm olmak \u00fczere bir\u00e7ok hizmet sekt\u00f6r\u00fcnde kurumsal \u00e7\u00f6z\u00fcmler sunuyoruz.<\/p>\n\n\n\n<p class=\"has-medium-font-size\">G\u00fc\u00e7l\u00fc altyap\u0131m\u0131z ile kuruldu\u011fumuz g\u00fcnden itibaren sekt\u00f6r\u00fcn kurumsal m\u00fc\u015fterileri i\u00e7in g\u00fcvenilir bir \u00e7\u00f6z\u00fcm orta\u011f\u0131 olduk.<\/p>\n\n\n\n<p class=\"has-medium-font-size\"><strong>En \u00f6nemli \u00f6nceli\u011fimiz m\u00fc\u015fteri memnuniyeti olup, de\u011fi\u015fen m\u00fc\u015fteri profillerine ve taleplerine yan\u0131t verebilen, esnek, ki\u015fiye \u00f6zel \u00e7\u00f6z\u00fcmleri ve hizmet paketleri ile kurumlar ve onlar\u0131n m\u00fc\u015fterileri i\u00e7in 7 g\u00fcn 24 saat art\u0131 de\u011fer yarat\u0131r\u0131z.<\/strong><\/p>\n\n\n\n<p class=\"has-medium-font-size\">2020 y\u0131l\u0131nda yapt\u0131\u011f\u0131m\u0131z, s\u00fcre\u00e7 ve altyap\u0131 yenileme \u00e7al\u0131\u015fmalar\u0131 ile birlikte&nbsp;<strong>ISO27001 Bilgi G\u00fcvenli\u011fi Y\u00f6netim Sistemi<\/strong>&nbsp;sertifikas\u0131 ald\u0131k.<\/p>\n\n\n\n<h3 class=\"wp-block-heading\">Misyonumuz<\/h3>\n\n\n\n<blockquote class=\"wp-block-quote is-style-large is-layout-flow wp-block-quote-is-layout-flow\"><p>Kurumsal m\u00fc\u015fterilerimizi hedeflerine, onlar\u0131n m\u00fc\u015fterilerini ise sa\u011fl\u0131k ve \u00e7\u00f6z\u00fcme ula\u015ft\u0131ran bir k\u00f6pr\u00fc olmakt\u0131r.<\/p><\/blockquote>\n\n\n\n<h3 class=\"wp-block-heading\">Vizyonumuz<\/h3>\n\n\n\n<blockquote class=\"wp-block-quote is-style-large is-layout-flow wp-block-quote-is-layout-flow\"><p>Teknoloji ve bilgiyi en \u00fcst d\u00fczeyde kullanarak; k<em>aliteli, g\u00fcvenli ve <\/em>kusursuz s\u00fcre\u00e7ler yaratmakt\u0131r. <\/p><\/blockquote>\n\n\n\n<h3 class=\"wp-block-heading\">Adresimiz<\/h3>\n\n\n\n<p>Zeta Risk Y\u00f6netimi ve Destek Hizmetleri A.\u015e.<br>Business Istanbul A Blok 87-88 Kad\u0131k\u00f6y \u2013 ISTANBUL<br>info@zetarisk.com<br>Tel: +90 216 606 1135<\/p>\n","protected":false},"excerpt":{"rendered":"<p>Sigorta ve finans alan\u0131nda, yurti\u00e7i ve yurtd\u0131\u015f\u0131 ara\u015ft\u0131rmalar\u0131m\u0131z sonucunda gereksinimleri saptayarak, mikro \u00fcr\u00fcn ve hizmetler geli\u015ftirerek 2015 y\u0131l\u0131ndan itibaren \u00e7al\u0131\u015fmalar\u0131m\u0131za ba\u015flad\u0131k. Sekt\u00f6rde uzun y\u0131llar uzman ve y\u00f6neticilik yapm\u0131\u015f bir ekip ve altyap\u0131 olu\u015fturduk. Zeta Risk olarak, anla\u015fmal\u0131 kurum a\u011flar\u0131 olu\u015fturuyor, hizmet organizasyonu yap\u0131yor, underwriting, risk, \u00fcr\u00fcn ve s\u00fcre\u00e7 y\u00f6netiminde dan\u0131\u015fmanl\u0131k vererek ba\u015fta sigorta, banka ve turizm olmak \u00fczere bir\u00e7ok hizmet sekt\u00f6r\u00fcnde kurumsal \u00e7\u00f6z\u00fcmler sunuyoruz&#8230;.<\/p>\n","protected":false},"author":1,"featured_media":0,"parent":0,"menu_order":0,"comment_status":"closed","ping_status":"closed","template":"page-templates\/full-width-container.php","meta":{"footnotes":""},"class_list":["post-890","page","type-page","status-publish","hentry"],"_links":{"self":[{"href":"https:\/\/www.zetarisk.com\/tr\/index.php?rest_route=\/wp\/v2\/pages\/890","targetHints":{"allow":["GET"]}}],"collection":[{"href":"https:\/\/www.zetarisk.com\/tr\/index.php?rest_route=\/wp\/v2\/pages"}],"about":[{"href":"https:\/\/www.zetarisk.com\/tr\/index.php?rest_route=\/wp\/v2\/types\/page"}],"author":[{"embeddable":true,"href":"https:\/\/www.zetarisk.com\/tr\/index.php?rest_route=\/wp\/v2\/users\/1"}],"replies":[{"embeddable":true,"href":"https:\/\/www.zetarisk.com\/tr\/index.php?rest_route=%2Fwp%2Fv2%2Fcomments&post=890"}],"version-history":[{"count":6,"href":"https:\/\/www.zetarisk.com\/tr\/index.php?rest_route=\/wp\/v2\/pages\/890\/revisions"}],"predecessor-version":[{"id":1463,"href":"https:\/\/www.zetarisk.com\/tr\/index.php?rest_route=\/wp\/v2\/pages\/890\/revisions\/1463"}],"wp:attachment":[{"href":"https:\/\/www.zetarisk.com\/tr\/index.php?rest_route=%2Fwp%2Fv2%2Fmedia&parent=890"}],"curies":[{"name":"wp","href":"https:\/\/api.w.org\/{rel}","templated":true}]}}