{"id":1140,"date":"2021-03-21T05:51:33","date_gmt":"2021-03-21T08:51:33","guid":{"rendered":"http:\/\/dev.netrisk.com.tr\/dv\/?page_id=1140"},"modified":"2021-03-21T06:00:01","modified_gmt":"2021-03-21T09:00:01","slug":"gizlilik-politikasi","status":"publish","type":"page","link":"https:\/\/www.zetarisk.com\/tr\/?page_id=1140","title":{"rendered":"Gizlilik Politikas\u0131"},"content":{"rendered":"\n<p>\u015eirketimiz, Sitemizi ziyaret eden kullan\u0131c\u0131lar\u0131n gizlilik hakk\u0131na sayg\u0131 duymaktad\u0131r. Sitemize kullan\u0131c\u0131 olarak kay\u0131t olan veya bilgi g\u00f6nderen her kullan\u0131c\u0131, bu bilgilerin Gizlilik Politikas\u0131 \u00e7er\u00e7evesinde kullan\u0131lmas\u0131n\u0131 kabul etmi\u015f say\u0131l\u0131r. Sitemiz, sadece kullan\u0131c\u0131n\u0131n kendi iste\u011fi ile sundu\u011fu ki\u015fisel bilgileri saklamaktad\u0131r. Bu bilgiler ad\u0131n\u0131z, soyad\u0131n\u0131z, firma unvan\u0131n\u0131z, adresiniz, e-posta adresiniz, telefon ve faks numaralar\u0131n\u0131z\u0131 ve daha ba\u015fka bilgileri i\u00e7erebilir.<\/p>\n\n\n\n<p>Sitemizde yer alan hizmetlerden yararlan\u0131rken verece\u011finiz ki\u015fisel bilgiler, \u015eirketimiz b\u00fcnyesinde saklanmakta olup, hizmet sa\u011flay\u0131c\u0131lar d\u0131\u015f\u0131nda \u00fc\u00e7\u00fcnc\u00fc ki\u015filerle payla\u015f\u0131lmamakt\u0131r. Sitemiz \u00fczerinden edindi\u011fimiz ki\u015fisel bilgiler, e-posta, sirk\u00fcler, duyuru, kitap ve benzeri yay\u0131nlar g\u00f6ndermek, kay\u0131tlar\u0131m\u0131z\u0131 ve veri taban\u0131m\u0131z\u0131 g\u00fcncelle\u015ftirmek amac\u0131yla kullan\u0131lmaktad\u0131r.<\/p>\n\n\n\n<p>\u015eirketimiz, Gizlilik Politikas\u0131 h\u00fck\u00fcm veya \u015fartlar\u0131nda, \u00f6nceden bildirimde bulunmaks\u0131z\u0131n veya bir y\u00fck\u00fcml\u00fcl\u00fck alt\u0131na girmeksizin tamamen kendi takdirine ba\u011fl\u0131 olarak de\u011fi\u015fiklik, ekleme veya \u00e7\u0131karma yapma hakk\u0131na sahiptir. Gizlilik Politikas\u0131\u2019nda yap\u0131lacak de\u011fi\u015fiklikler, s\u00f6z konusu de\u011fi\u015fikliklerin Sitemizde yay\u0131mlanmas\u0131 ile ge\u00e7erlilik kazanacakt\u0131r. Bu nedenle, Gizlilik Politikas\u0131\u2019n\u0131n zaman zaman kontrol edilmesini \u00f6nermekteyiz.<\/p>\n\n\n\n<p style=\"font-size:24px\"><strong>\u00c7erezler (Cookies)<\/strong><\/p>\n\n\n\n<p>Sitemizde kullan\u0131c\u0131lar\u0131n daha verimli hizmet almas\u0131 ve internet sitesinin verimli \u00e7al\u0131\u015fmas\u0131 amac\u0131yla \u00e7erezler kullan\u0131lmaktad\u0131r. \u00c7erezler, \u015firketimiz ve ziyaret\u00e7i bilgilerinin korunmas\u0131yla ilgili daha detayl\u0131 a\u00e7\u0131klamalar\u0131n yer ald\u0131\u011f\u0131 Gizlilik Politikas\u0131\u2019n\u0131n bir par\u00e7as\u0131d\u0131r.<\/p>\n\n\n\n<p>Size ihtiya\u00e7lar\u0131n\u0131z do\u011frultusunda ve \u00f6zelle\u015ftirilmi\u015f hizmetler sunabilmemiz i\u00e7in, bu internet sitesinde \u00e7erezler (cookies) kullan\u0131lmaktad\u0131r. Sitemizin kullan\u0131m\u0131na ili\u015fkin bilgilerinizin hat\u0131rlanmas\u0131 ve bu bilgilerin kaydedilmesi \u00c7erezler arac\u0131l\u0131\u011f\u0131yla ger\u00e7ekle\u015ftirilmektedir. \u00c7erezler, belirli miktarda bilgiyi bilgisayar\u0131n\u0131za veya di\u011fer ayg\u0131tlara depolamaktad\u0131r. \u00c7erezler, bilgisayar\u0131n\u0131zda ya da teknoloji ara\u00e7lar\u0131ndaki bilgileri okuyamaz veya sisteminize zarar vermez. Netrisk depolanan bilgileri \u00fc\u00e7\u00fcnc\u00fc ki\u015filerle payla\u015fmamaktad\u0131r. \u00c7erez bildirimini kabul etmekle, Netrisk b\u00fcnyesinde ziyaret edebilece\u011finiz di\u011fer \u00fclke ve b\u00f6lgelerdeki internet sitelerinin \u00e7erez bildiriminde a\u00e7\u0131klanan \u00e7erez kullan\u0131mlar\u0131n\u0131 da kabul etmi\u015f say\u0131l\u0131rs\u0131n\u0131z.<\/p>\n","protected":false},"excerpt":{"rendered":"<p>\u015eirketimiz, Sitemizi ziyaret eden kullan\u0131c\u0131lar\u0131n gizlilik hakk\u0131na sayg\u0131 duymaktad\u0131r. Sitemize kullan\u0131c\u0131 olarak kay\u0131t olan veya bilgi g\u00f6nderen her kullan\u0131c\u0131, bu bilgilerin Gizlilik Politikas\u0131 \u00e7er\u00e7evesinde kullan\u0131lmas\u0131n\u0131 kabul etmi\u015f say\u0131l\u0131r. Sitemiz, sadece kullan\u0131c\u0131n\u0131n kendi iste\u011fi ile sundu\u011fu ki\u015fisel bilgileri saklamaktad\u0131r. Bu bilgiler ad\u0131n\u0131z, soyad\u0131n\u0131z, firma unvan\u0131n\u0131z, adresiniz, e-posta adresiniz, telefon ve faks numaralar\u0131n\u0131z\u0131 ve daha ba\u015fka bilgileri i\u00e7erebilir. Sitemizde yer alan hizmetlerden yararlan\u0131rken verece\u011finiz ki\u015fisel bilgiler,&#8230;<\/p>\n","protected":false},"author":1,"featured_media":0,"parent":0,"menu_order":0,"comment_status":"closed","ping_status":"closed","template":"page-templates\/full-width-container.php","meta":{"footnotes":""},"class_list":["post-1140","page","type-page","status-publish","hentry"],"_links":{"self":[{"href":"https:\/\/www.zetarisk.com\/tr\/index.php?rest_route=\/wp\/v2\/pages\/1140","targetHints":{"allow":["GET"]}}],"collection":[{"href":"https:\/\/www.zetarisk.com\/tr\/index.php?rest_route=\/wp\/v2\/pages"}],"about":[{"href":"https:\/\/www.zetarisk.com\/tr\/index.php?rest_route=\/wp\/v2\/types\/page"}],"author":[{"embeddable":true,"href":"https:\/\/www.zetarisk.com\/tr\/index.php?rest_route=\/wp\/v2\/users\/1"}],"replies":[{"embeddable":true,"href":"https:\/\/www.zetarisk.com\/tr\/index.php?rest_route=%2Fwp%2Fv2%2Fcomments&post=1140"}],"version-history":[{"count":3,"href":"https:\/\/www.zetarisk.com\/tr\/index.php?rest_route=\/wp\/v2\/pages\/1140\/revisions"}],"predecessor-version":[{"id":1147,"href":"https:\/\/www.zetarisk.com\/tr\/index.php?rest_route=\/wp\/v2\/pages\/1140\/revisions\/1147"}],"wp:attachment":[{"href":"https:\/\/www.zetarisk.com\/tr\/index.php?rest_route=%2Fwp%2Fv2%2Fmedia&parent=1140"}],"curies":[{"name":"wp","href":"https:\/\/api.w.org\/{rel}","templated":true}]}}