{"id":10,"date":"2020-07-19T07:07:06","date_gmt":"2020-07-19T10:07:06","guid":{"rendered":"https:\/\/bizbergthemes.com\/dr-life-saver-lite\/?page_id=10"},"modified":"2021-04-03T16:44:33","modified_gmt":"2021-04-03T19:44:33","slug":"ana-sayfa","status":"publish","type":"page","link":"https:\/\/www.zetarisk.com\/tr\/","title":{"rendered":"Ana Sayfa"},"content":{"rendered":"\t\t<div data-elementor-type=\"wp-page\" data-elementor-id=\"10\" class=\"elementor elementor-10\" data-elementor-settings=\"[]\">\n\t\t\t\t\t\t<div class=\"elementor-inner\">\n\t\t\t\t\t\t\t<div class=\"elementor-section-wrap\">\n\t\t\t\t\t\t\t<section class=\"elementor-section elementor-top-section elementor-element elementor-element-3ce7ac4 elementor-section-height-min-height elementor-section-boxed elementor-section-height-default elementor-section-items-middle\" data-id=\"3ce7ac4\" data-element_type=\"section\" data-settings=\"{&quot;background_background&quot;:&quot;classic&quot;,&quot;shape_divider_top&quot;:&quot;opacity-tilt&quot;,&quot;shape_divider_bottom&quot;:&quot;opacity-tilt&quot;}\">\n\t\t\t\t\t\t\t<div class=\"elementor-background-overlay\"><\/div>\n\t\t\t\t\t\t<div class=\"elementor-shape elementor-shape-top\" data-negative=\"false\">\n\t\t\t<svg xmlns=\"http:\/\/www.w3.org\/2000\/svg\" viewBox=\"0 0 2600 131.1\" preserveAspectRatio=\"none\">\n\t<path class=\"elementor-shape-fill\" d=\"M0 0L2600 0 2600 69.1 0 0z\"\/>\n\t<path class=\"elementor-shape-fill\" style=\"opacity:0.5\" d=\"M0 0L2600 0 2600 69.1 0 69.1z\"\/>\n\t<path class=\"elementor-shape-fill\" style=\"opacity:0.25\" d=\"M2600 0L0 0 0 130.1 2600 69.1z\"\/>\n<\/svg>\t\t<\/div>\n\t\t\t\t<div class=\"elementor-shape elementor-shape-bottom\" data-negative=\"false\">\n\t\t\t<svg xmlns=\"http:\/\/www.w3.org\/2000\/svg\" viewBox=\"0 0 2600 131.1\" preserveAspectRatio=\"none\">\n\t<path class=\"elementor-shape-fill\" d=\"M0 0L2600 0 2600 69.1 0 0z\"\/>\n\t<path class=\"elementor-shape-fill\" style=\"opacity:0.5\" d=\"M0 0L2600 0 2600 69.1 0 69.1z\"\/>\n\t<path class=\"elementor-shape-fill\" style=\"opacity:0.25\" d=\"M2600 0L0 0 0 130.1 2600 69.1z\"\/>\n<\/svg>\t\t<\/div>\n\t\t\t\t\t<div class=\"elementor-container elementor-column-gap-default\">\n\t\t\t\t\t\t\t<div class=\"elementor-row\">\n\t\t\t\t\t<div class=\"elementor-column elementor-col-100 elementor-top-column elementor-element elementor-element-fcd6111\" data-id=\"fcd6111\" data-element_type=\"column\">\n\t\t\t<div class=\"elementor-column-wrap elementor-element-populated\">\n\t\t\t\t\t\t\t<div class=\"elementor-widget-wrap\">\n\t\t\t\t\t\t<div class=\"elementor-element elementor-element-b91e6da elementor-invisible elementor-widget elementor-widget-heading\" data-id=\"b91e6da\" data-element_type=\"widget\" data-settings=\"{&quot;_animation&quot;:&quot;fadeInDown&quot;}\" data-widget_type=\"heading.default\">\n\t\t\t\t<div class=\"elementor-widget-container\">\n\t\t\t<div class=\"elementor-heading-title elementor-size-large\">\u00d6nce Sa\u011fl\u0131k<br><br><br><br><br><\/div>\t\t<\/div>\n\t\t\t\t<\/div>\n\t\t\t\t\t\t<\/div>\n\t\t\t\t\t<\/div>\n\t\t<\/div>\n\t\t\t\t\t\t\t\t<\/div>\n\t\t\t\t\t<\/div>\n\t\t<\/section>\n\t\t\t\t<section class=\"elementor-section elementor-top-section elementor-element elementor-element-c15379a elementor-section-boxed elementor-section-height-default elementor-section-height-default\" data-id=\"c15379a\" data-element_type=\"section\" data-settings=\"{&quot;background_background&quot;:&quot;classic&quot;}\">\n\t\t\t\t\t\t<div class=\"elementor-container elementor-column-gap-default\">\n\t\t\t\t\t\t\t<div class=\"elementor-row\">\n\t\t\t\t\t<div class=\"elementor-column elementor-col-33 elementor-top-column elementor-element elementor-element-d8ce1cf elementor-invisible\" data-id=\"d8ce1cf\" data-element_type=\"column\" data-settings=\"{&quot;background_background&quot;:&quot;classic&quot;,&quot;animation&quot;:&quot;fadeInLeft&quot;}\">\n\t\t\t<div class=\"elementor-column-wrap elementor-element-populated\">\n\t\t\t\t\t\t\t<div class=\"elementor-widget-wrap\">\n\t\t\t\t\t\t<div class=\"elementor-element elementor-element-eb25614 elementor-position-left elementor-vertical-align-middle elementor-view-default elementor-widget elementor-widget-icon-box\" data-id=\"eb25614\" data-element_type=\"widget\" data-widget_type=\"icon-box.default\">\n\t\t\t\t<div class=\"elementor-widget-container\">\n\t\t\t\t\t<div class=\"elementor-icon-box-wrapper\">\n\t\t\t\t\t\t<div class=\"elementor-icon-box-icon\">\n\t\t\t\t<span class=\"elementor-icon elementor-animation-\" >\n\t\t\t\t<i aria-hidden=\"true\" class=\"fas fa-phone\"><\/i>\t\t\t\t<\/span>\n\t\t\t<\/div>\n\t\t\t\t\t\t<div class=\"elementor-icon-box-content\">\n\t\t\t\t<div class=\"elementor-icon-box-title\">\n\t\t\t\t\t<span >Telefon<\/span>\n\t\t\t\t<\/div>\n\t\t\t\t\t\t\t\t<p class=\"elementor-icon-box-description\">+90 216 606 1135<\/p>\n\t\t\t\t\t\t\t<\/div>\n\t\t<\/div>\n\t\t\t\t<\/div>\n\t\t\t\t<\/div>\n\t\t\t\t\t\t<\/div>\n\t\t\t\t\t<\/div>\n\t\t<\/div>\n\t\t\t\t<div class=\"elementor-column elementor-col-33 elementor-top-column elementor-element elementor-element-61d34e5 elementor-invisible\" data-id=\"61d34e5\" data-element_type=\"column\" data-settings=\"{&quot;background_background&quot;:&quot;classic&quot;,&quot;animation&quot;:&quot;fadeInUp&quot;}\">\n\t\t\t<div class=\"elementor-column-wrap elementor-element-populated\">\n\t\t\t\t\t\t\t<div class=\"elementor-widget-wrap\">\n\t\t\t\t\t\t<div class=\"elementor-element elementor-element-d30a4b4 elementor-position-left elementor-vertical-align-middle elementor-view-default elementor-widget elementor-widget-icon-box\" data-id=\"d30a4b4\" data-element_type=\"widget\" data-widget_type=\"icon-box.default\">\n\t\t\t\t<div class=\"elementor-widget-container\">\n\t\t\t\t\t<div class=\"elementor-icon-box-wrapper\">\n\t\t\t\t\t\t<div class=\"elementor-icon-box-icon\">\n\t\t\t\t<span class=\"elementor-icon elementor-animation-\" >\n\t\t\t\t<i aria-hidden=\"true\" class=\"far fa-envelope\"><\/i>\t\t\t\t<\/span>\n\t\t\t<\/div>\n\t\t\t\t\t\t<div class=\"elementor-icon-box-content\">\n\t\t\t\t<div class=\"elementor-icon-box-title\">\n\t\t\t\t\t<span >e-posta<\/span>\n\t\t\t\t<\/div>\n\t\t\t\t\t\t\t\t<p class=\"elementor-icon-box-description\">info@zetarisk.com<\/p>\n\t\t\t\t\t\t\t<\/div>\n\t\t<\/div>\n\t\t\t\t<\/div>\n\t\t\t\t<\/div>\n\t\t\t\t\t\t<\/div>\n\t\t\t\t\t<\/div>\n\t\t<\/div>\n\t\t\t\t<div class=\"elementor-column elementor-col-33 elementor-top-column elementor-element elementor-element-099d768 elementor-invisible\" data-id=\"099d768\" data-element_type=\"column\" data-settings=\"{&quot;background_background&quot;:&quot;classic&quot;,&quot;animation&quot;:&quot;fadeInRight&quot;}\">\n\t\t\t<div class=\"elementor-column-wrap elementor-element-populated\">\n\t\t\t\t\t\t\t<div class=\"elementor-widget-wrap\">\n\t\t\t\t\t\t<div class=\"elementor-element elementor-element-498dbea elementor-position-left elementor-vertical-align-middle elementor-view-default elementor-widget elementor-widget-icon-box\" data-id=\"498dbea\" data-element_type=\"widget\" data-widget_type=\"icon-box.default\">\n\t\t\t\t<div class=\"elementor-widget-container\">\n\t\t\t\t\t<div class=\"elementor-icon-box-wrapper\">\n\t\t\t\t\t\t<div class=\"elementor-icon-box-icon\">\n\t\t\t\t<span class=\"elementor-icon elementor-animation-\" >\n\t\t\t\t<i aria-hidden=\"true\" class=\"fas fa-map-pin\"><\/i>\t\t\t\t<\/span>\n\t\t\t<\/div>\n\t\t\t\t\t\t<div class=\"elementor-icon-box-content\">\n\t\t\t\t<div class=\"elementor-icon-box-title\">\n\t\t\t\t\t<span >Adres<\/span>\n\t\t\t\t<\/div>\n\t\t\t\t\t\t\t\t<p class=\"elementor-icon-box-description\">Business Istanbul A87-88<\/p>\n\t\t\t\t\t\t\t<\/div>\n\t\t<\/div>\n\t\t\t\t<\/div>\n\t\t\t\t<\/div>\n\t\t\t\t\t\t<\/div>\n\t\t\t\t\t<\/div>\n\t\t<\/div>\n\t\t\t\t\t\t\t\t<\/div>\n\t\t\t\t\t<\/div>\n\t\t<\/section>\n\t\t\t\t<section class=\"elementor-section elementor-top-section elementor-element elementor-element-f2606e9 elementor-section-boxed elementor-section-height-default elementor-section-height-default\" data-id=\"f2606e9\" data-element_type=\"section\">\n\t\t\t\t\t\t\t<div class=\"elementor-background-overlay\"><\/div>\n\t\t\t\t\t\t\t<div class=\"elementor-container elementor-column-gap-no\">\n\t\t\t\t\t\t\t<div class=\"elementor-row\">\n\t\t\t\t\t<div class=\"elementor-column elementor-col-100 elementor-top-column elementor-element elementor-element-6b3918a1\" data-id=\"6b3918a1\" data-element_type=\"column\">\n\t\t\t<div class=\"elementor-column-wrap elementor-element-populated\">\n\t\t\t\t\t\t\t<div class=\"elementor-widget-wrap\">\n\t\t\t\t\t\t<div class=\"elementor-element elementor-element-7996ad9 elementor-invisible elementor-widget elementor-widget-heading\" data-id=\"7996ad9\" data-element_type=\"widget\" data-settings=\"{&quot;_animation&quot;:&quot;fadeInDown&quot;}\" data-widget_type=\"heading.default\">\n\t\t\t\t<div class=\"elementor-widget-container\">\n\t\t\t<h5 class=\"elementor-heading-title elementor-size-small\">KL\u0130N\u0130KLER\u0130M\u0130Z<\/h5>\t\t<\/div>\n\t\t\t\t<\/div>\n\t\t\t\t<div class=\"elementor-element elementor-element-0649aa0 elementor-widget-divider--view-line_icon elementor-view-default elementor-widget-divider--element-align-center elementor-invisible elementor-widget elementor-widget-divider\" data-id=\"0649aa0\" data-element_type=\"widget\" data-settings=\"{&quot;_animation&quot;:&quot;fadeInDown&quot;}\" data-widget_type=\"divider.default\">\n\t\t\t\t<div class=\"elementor-widget-container\">\n\t\t\t\t\t<div class=\"elementor-divider\">\n\t\t\t<span class=\"elementor-divider-separator\">\n\t\t\t\t\t\t\t<div class=\"elementor-icon elementor-divider__element\">\n\t\t\t\t\t<i aria-hidden=\"true\" class=\"fas fa-heartbeat\"><\/i><\/div>\n\t\t\t\t\t\t<\/span>\n\t\t<\/div>\n\t\t\t\t<\/div>\n\t\t\t\t<\/div>\n\t\t\t\t<section class=\"elementor-section elementor-inner-section elementor-element elementor-element-71bd88c elementor-section-boxed elementor-section-height-default elementor-section-height-default\" data-id=\"71bd88c\" data-element_type=\"section\">\n\t\t\t\t\t\t<div class=\"elementor-container elementor-column-gap-default\">\n\t\t\t\t\t\t\t<div class=\"elementor-row\">\n\t\t\t\t\t<div class=\"elementor-column elementor-col-100 elementor-inner-column elementor-element elementor-element-9cd29e9\" data-id=\"9cd29e9\" data-element_type=\"column\">\n\t\t\t<div class=\"elementor-column-wrap elementor-element-populated\">\n\t\t\t\t\t\t\t<div class=\"elementor-widget-wrap\">\n\t\t\t\t\t\t<div class=\"elementor-element elementor-element-ab33d0b elementor-widget elementor-widget-html\" data-id=\"ab33d0b\" data-element_type=\"widget\" data-widget_type=\"html.default\">\n\t\t\t\t<div class=\"elementor-widget-container\">\n\t\t\t <div id=\"nr-map\" style=\"width: 100%; height: 300px;\"><\/div>\t\t<\/div>\n\t\t\t\t<\/div>\n\t\t\t\t\t\t<\/div>\n\t\t\t\t\t<\/div>\n\t\t<\/div>\n\t\t\t\t\t\t\t\t<\/div>\n\t\t\t\t\t<\/div>\n\t\t<\/section>\n\t\t\t\t\t\t<\/div>\n\t\t\t\t\t<\/div>\n\t\t<\/div>\n\t\t\t\t\t\t\t\t<\/div>\n\t\t\t\t\t<\/div>\n\t\t<\/section>\n\t\t\t\t<section class=\"elementor-section elementor-top-section elementor-element elementor-element-d5d73be elementor-section-boxed elementor-section-height-default elementor-section-height-default\" data-id=\"d5d73be\" data-element_type=\"section\" data-settings=\"{&quot;background_background&quot;:&quot;classic&quot;}\">\n\t\t\t\t\t\t<div class=\"elementor-container elementor-column-gap-default\">\n\t\t\t\t\t\t\t<div class=\"elementor-row\">\n\t\t\t\t\t<div class=\"elementor-column elementor-col-100 elementor-top-column elementor-element elementor-element-5091b12b\" data-id=\"5091b12b\" data-element_type=\"column\">\n\t\t\t<div class=\"elementor-column-wrap elementor-element-populated\">\n\t\t\t\t\t\t\t<div class=\"elementor-widget-wrap\">\n\t\t\t\t\t\t<div class=\"elementor-element elementor-element-74e9e558 elementor-invisible elementor-widget elementor-widget-heading\" data-id=\"74e9e558\" data-element_type=\"widget\" data-settings=\"{&quot;_animation&quot;:&quot;fadeInDown&quot;}\" data-widget_type=\"heading.default\">\n\t\t\t\t<div class=\"elementor-widget-container\">\n\t\t\t<h5 class=\"elementor-heading-title elementor-size-xl\">FARKIMIZ<\/h5>\t\t<\/div>\n\t\t\t\t<\/div>\n\t\t\t\t<div class=\"elementor-element elementor-element-34744b78 elementor-invisible elementor-widget elementor-widget-heading\" data-id=\"34744b78\" data-element_type=\"widget\" data-settings=\"{&quot;_animation&quot;:&quot;fadeInDown&quot;}\" data-widget_type=\"heading.default\">\n\t\t\t\t<div class=\"elementor-widget-container\">\n\t\t\t<h2 class=\"elementor-heading-title elementor-size-large\">Kaliteli Hizmet ve G\u00fcvenli S\u00fcre\u00e7ler<\/h2>\t\t<\/div>\n\t\t\t\t<\/div>\n\t\t\t\t<div class=\"elementor-element elementor-element-5bbb0444 elementor-widget-divider--view-line_icon elementor-view-default elementor-widget-divider--element-align-center elementor-invisible elementor-widget elementor-widget-divider\" data-id=\"5bbb0444\" data-element_type=\"widget\" data-settings=\"{&quot;_animation&quot;:&quot;fadeInDown&quot;}\" data-widget_type=\"divider.default\">\n\t\t\t\t<div class=\"elementor-widget-container\">\n\t\t\t\t\t<div class=\"elementor-divider\">\n\t\t\t<span class=\"elementor-divider-separator\">\n\t\t\t\t\t\t\t<div class=\"elementor-icon elementor-divider__element\">\n\t\t\t\t\t<i aria-hidden=\"true\" class=\"fas fa-heartbeat\"><\/i><\/div>\n\t\t\t\t\t\t<\/span>\n\t\t<\/div>\n\t\t\t\t<\/div>\n\t\t\t\t<\/div>\n\t\t\t\t<section class=\"elementor-section elementor-inner-section elementor-element elementor-element-169be697 elementor-section-boxed elementor-section-height-default elementor-section-height-default\" data-id=\"169be697\" data-element_type=\"section\">\n\t\t\t\t\t\t<div class=\"elementor-container elementor-column-gap-default\">\n\t\t\t\t\t\t\t<div class=\"elementor-row\">\n\t\t\t\t\t<div class=\"elementor-column elementor-col-33 elementor-inner-column elementor-element elementor-element-1e04accc elementor-invisible\" data-id=\"1e04accc\" data-element_type=\"column\" data-settings=\"{&quot;background_background&quot;:&quot;gradient&quot;,&quot;animation&quot;:&quot;fadeInUp&quot;}\">\n\t\t\t<div class=\"elementor-column-wrap elementor-element-populated\">\n\t\t\t\t\t\t\t<div class=\"elementor-widget-wrap\">\n\t\t\t\t\t\t<div class=\"elementor-element elementor-element-2b42c2e9 elementor-widget elementor-widget-testimonial\" data-id=\"2b42c2e9\" data-element_type=\"widget\" data-widget_type=\"testimonial.default\">\n\t\t\t\t<div class=\"elementor-widget-container\">\n\t\t\t\t\t<div class=\"elementor-testimonial-wrapper elementor-testimonial-text-align-center\">\n\t\t\t\t\t\t\t<div class=\"elementor-testimonial-content\"><span style=\"font-weight: 700; font-size: 14px;\"><span style=\"font-size: 16pt; line-height: 22.8267px;\">Teknoloji<\/span><\/span><br><br>Altyap\u0131m\u0131z\u0131 ve S\u00fcre\u00e7lerimizi s\u00fcrekli g\u00fcncelliyor ve teknolojinin son geli\u015fmelerini uyarl\u0131yoruz.<br>\nHizmet kalitemizi olumsuz etkileyebilecek t\u00fcm riskleri ara\u015ft\u0131r\u0131yor, \u00e7\u00f6z\u00fcm olu\u015fturuyor, yat\u0131r\u0131m yap\u0131yoruz.<br>\nIT sistemlerimizi ve sunucular\u0131m\u0131z\u0131 Turkcell ve Vodafone'da yedekli olarak konumland\u0131r\u0131yoruz. <br><br>T\u00fcm veri trafi\u011fimizi Sa\u011fl\u0131k mevzuat\u0131na uygun olarak T\u00fcrkiye s\u0131n\u0131rlar\u0131 i\u00e7inde tutarken, operasyonlar\u0131m\u0131z\u0131 KVKK mevzuat\u0131na tam uyumlu olarak y\u00fcr\u00fct\u00fcyoruz.<\/div>\n\t\t\t\n\t\t\t\t\t\t<div class=\"elementor-testimonial-meta elementor-has-image elementor-testimonial-image-position-aside\">\n\t\t\t\t<div class=\"elementor-testimonial-meta-inner\">\n\t\t\t\t\t\t\t\t\t\t\t<div class=\"elementor-testimonial-image\">\n\t\t\t\t\t\t\t<img loading=\"lazy\" decoding=\"async\" width=\"169\" height=\"300\" src=\"https:\/\/www.zetarisk.com\/tr\/wp-content\/uploads\/2021\/03\/business-istanbul-photo-169x300.jpg\" class=\"attachment-medium size-medium\" alt=\"business-istanbul-photo\" srcset=\"https:\/\/www.zetarisk.com\/tr\/wp-content\/uploads\/2021\/03\/business-istanbul-photo-169x300.jpg 169w, https:\/\/www.zetarisk.com\/tr\/wp-content\/uploads\/2021\/03\/business-istanbul-photo-578x1024.jpg 578w, https:\/\/www.zetarisk.com\/tr\/wp-content\/uploads\/2021\/03\/business-istanbul-photo.jpg 677w\" sizes=\"auto, (max-width: 169px) 100vw, 169px\" \/>\t\t\t\t\t\t<\/div>\n\t\t\t\t\t\n\t\t\t\t\t\t\t\t\t\t<div class=\"elementor-testimonial-details\">\n\t\t\t\t\t\t\t\t\t\t\t\t\t\t<div class=\"elementor-testimonial-name\">S\u00fcrekli <br>Yenilenme<\/div>\n\t\t\t\t\t\t\t\t\t\t\t\t\t\t\t\t\t\t\t<\/div>\n\t\t\t\t\t\t\t\t\t<\/div>\n\t\t\t<\/div>\n\t\t\t\t\t<\/div>\n\t\t\t\t<\/div>\n\t\t\t\t<\/div>\n\t\t\t\t\t\t<\/div>\n\t\t\t\t\t<\/div>\n\t\t<\/div>\n\t\t\t\t<div class=\"elementor-column elementor-col-33 elementor-inner-column elementor-element elementor-element-534e2cb0 elementor-invisible\" data-id=\"534e2cb0\" data-element_type=\"column\" data-settings=\"{&quot;background_background&quot;:&quot;gradient&quot;,&quot;animation&quot;:&quot;fadeInUp&quot;,&quot;animation_delay&quot;:500}\">\n\t\t\t<div class=\"elementor-column-wrap elementor-element-populated\">\n\t\t\t\t\t\t\t<div class=\"elementor-widget-wrap\">\n\t\t\t\t\t\t<div class=\"elementor-element elementor-element-32beb314 elementor-widget elementor-widget-testimonial\" data-id=\"32beb314\" data-element_type=\"widget\" data-widget_type=\"testimonial.default\">\n\t\t\t\t<div class=\"elementor-widget-container\">\n\t\t\t\t\t<div class=\"elementor-testimonial-wrapper elementor-testimonial-text-align-center\">\n\t\t\t\t\t\t\t<div class=\"elementor-testimonial-content\"><p><b><span style=\"font-size:16.0pt;line-height:107%;\nmso-bidi-font-family:Calibri;mso-bidi-theme-font:minor-latin\">Kalite<o:p><\/o:p><\/span><\/b><\/p><br>Destek hizmet organizasyonu i\u00e7in T\u00fcrkiye\u2019de yayg\u0131n, memnuniyet seviyesi y\u00fcksek firmalar\u0131 bulmak en \u00f6nemli \u00e7al\u0131\u015fma ilkemiz. <br>\n<strong>Bu yakla\u015f\u0131m\u0131m\u0131z sonucunda;<\/strong><br>\nYeni \u00fcr\u00fcn sat\u0131\u015f\u0131nda %15-20<br>\nYenileme oranlar\u0131nda %10-15<br>\n\u0130ptal ikna proseslerinde %4-8<br>\nAktivasyon proseslerinde %10-12<br>\nart\u0131\u015f oranlar\u0131na ula\u015ft\u0131k.<br>\n<small>2015 y\u0131l\u0131ndan beri hizmet talebinde bulunup ta network eksikli\u011fi sebebi ile hizmet verilemeyen  m\u00fc\u015fterimiz bulunmamaktad\u0131r.<\/small><\/div>\n\t\t\t\n\t\t\t\t\t\t<div class=\"elementor-testimonial-meta elementor-has-image elementor-testimonial-image-position-aside\">\n\t\t\t\t<div class=\"elementor-testimonial-meta-inner\">\n\t\t\t\t\t\t\t\t\t\t\t<div class=\"elementor-testimonial-image\">\n\t\t\t\t\t\t\t<img loading=\"lazy\" decoding=\"async\" width=\"300\" height=\"295\" src=\"https:\/\/www.zetarisk.com\/tr\/wp-content\/uploads\/2021\/04\/thumb-customerZ-300x295.jpg\" class=\"attachment-medium size-medium\" alt=\"\" srcset=\"https:\/\/www.zetarisk.com\/tr\/wp-content\/uploads\/2021\/04\/thumb-customerZ-300x295.jpg 300w, https:\/\/www.zetarisk.com\/tr\/wp-content\/uploads\/2021\/04\/thumb-customerZ.jpg 314w\" sizes=\"auto, (max-width: 300px) 100vw, 300px\" \/>\t\t\t\t\t\t<\/div>\n\t\t\t\t\t\n\t\t\t\t\t\t\t\t\t\t<div class=\"elementor-testimonial-details\">\n\t\t\t\t\t\t\t\t\t\t\t\t\t\t<div class=\"elementor-testimonial-name\">M\u00fc\u015fteri Memnuniyeti<\/div>\n\t\t\t\t\t\t\t\t\t\t\t\t\t\t\t\t\t\t\t<\/div>\n\t\t\t\t\t\t\t\t\t<\/div>\n\t\t\t<\/div>\n\t\t\t\t\t<\/div>\n\t\t\t\t<\/div>\n\t\t\t\t<\/div>\n\t\t\t\t\t\t<\/div>\n\t\t\t\t\t<\/div>\n\t\t<\/div>\n\t\t\t\t<div class=\"elementor-column elementor-col-33 elementor-inner-column elementor-element elementor-element-7f774ea6 elementor-invisible\" data-id=\"7f774ea6\" data-element_type=\"column\" data-settings=\"{&quot;background_background&quot;:&quot;gradient&quot;,&quot;animation&quot;:&quot;fadeInUp&quot;,&quot;animation_delay&quot;:1000}\">\n\t\t\t<div class=\"elementor-column-wrap elementor-element-populated\">\n\t\t\t\t\t\t\t<div class=\"elementor-widget-wrap\">\n\t\t\t\t\t\t<div class=\"elementor-element elementor-element-158ff05 elementor-widget elementor-widget-testimonial\" data-id=\"158ff05\" data-element_type=\"widget\" data-widget_type=\"testimonial.default\">\n\t\t\t\t<div class=\"elementor-widget-container\">\n\t\t\t\t\t<div class=\"elementor-testimonial-wrapper elementor-testimonial-text-align-center\">\n\t\t\t\t\t\t\t<div class=\"elementor-testimonial-content\"><span style=\"font-weight: 700; font-family: Verdana, sans-serif; font-size: 14px;\"><span style=\"font-size: 16pt; line-height: 22.8267px;\">G\u00fcvenlik<\/span><\/span><br> \n<br>Hassas Veri \u0130\u00e7eren Y\u00f6netim Destek ve Dan\u0131\u015fmanl\u0131k Hizmetleri ve Bu Hizmetlere Ba\u011fl\u0131 Bilgi G\u00fcvenli\u011fi S\u00fcre\u00e7lerinin Y\u00f6netilmesi <br> kapsam\u0131nda<strong> IFC GLOBAL<\/strong> taraf\u0131ndan denetlenmi\u015f ve<br><br><strong><big>ISO27001:2013<\/big><\/strong><br>\nBilgi G\u00fcvenli\u011fi Y\u00f6netim Sistemi<br>standard\u0131na uygun oldu\u011fu onaylanarak sertifikaland\u0131r\u0131lm\u0131\u015ft\u0131r. <br><\/div>\n\t\t\t\n\t\t\t\t\t\t<div class=\"elementor-testimonial-meta elementor-has-image elementor-testimonial-image-position-aside\">\n\t\t\t\t<div class=\"elementor-testimonial-meta-inner\">\n\t\t\t\t\t\t\t\t\t\t\t<div class=\"elementor-testimonial-image\">\n\t\t\t\t\t\t\t<a href=\"https:\/\/www.zetarisk.com\/tr\/?page_id=997\" target=\"_blank\"><img loading=\"lazy\" decoding=\"async\" width=\"159\" height=\"158\" src=\"https:\/\/www.zetarisk.com\/tr\/wp-content\/uploads\/2021\/03\/thumb-ifc27001.png\" class=\"attachment-medium size-medium\" alt=\"thumb-ifc27001\" srcset=\"https:\/\/www.zetarisk.com\/tr\/wp-content\/uploads\/2021\/03\/thumb-ifc27001.png 159w, https:\/\/www.zetarisk.com\/tr\/wp-content\/uploads\/2021\/03\/thumb-ifc27001-150x150.png 150w\" sizes=\"auto, (max-width: 159px) 100vw, 159px\" \/><\/a>\t\t\t\t\t\t<\/div>\n\t\t\t\t\t\n\t\t\t\t\t\t\t\t\t\t<div class=\"elementor-testimonial-details\">\n\t\t\t\t\t\t\t\t\t\t\t\t\t\t<a class=\"elementor-testimonial-name\" href=\"https:\/\/www.zetarisk.com\/tr\/?page_id=997\" target=\"_blank\">Bilgi G\u00fcvenli\u011fi Y\u00f6netim Sistemi<\/a>\n\t\t\t\t\t\t\t\t\t\t\t\t\t\t\t\t\t\t\t<\/div>\n\t\t\t\t\t\t\t\t\t<\/div>\n\t\t\t<\/div>\n\t\t\t\t\t<\/div>\n\t\t\t\t<\/div>\n\t\t\t\t<\/div>\n\t\t\t\t\t\t<\/div>\n\t\t\t\t\t<\/div>\n\t\t<\/div>\n\t\t\t\t\t\t\t\t<\/div>\n\t\t\t\t\t<\/div>\n\t\t<\/section>\n\t\t\t\t\t\t<\/div>\n\t\t\t\t\t<\/div>\n\t\t<\/div>\n\t\t\t\t\t\t\t\t<\/div>\n\t\t\t\t\t<\/div>\n\t\t<\/section>\n\t\t\t\t\t\t<\/div>\n\t\t\t\t\t\t<\/div>\n\t\t\t\t\t<\/div>\n\t\t","protected":false},"excerpt":{"rendered":"<p>\u00d6nce Sa\u011fl\u0131k Telefon +90 216 606 1135 e-posta info@zetarisk.com Adres Business Istanbul A87-88 KL\u0130N\u0130KLER\u0130M\u0130Z FARKIMIZ Kaliteli Hizmet ve G\u00fcvenli S\u00fcre\u00e7ler Teknoloji Altyap\u0131m\u0131z\u0131 ve S\u00fcre\u00e7lerimizi s\u00fcrekli g\u00fcncelliyor ve teknolojinin son geli\u015fmelerini uyarl\u0131yoruz. Hizmet kalitemizi olumsuz etkileyebilecek t\u00fcm riskleri ara\u015ft\u0131r\u0131yor, \u00e7\u00f6z\u00fcm olu\u015fturuyor, yat\u0131r\u0131m yap\u0131yoruz. IT sistemlerimizi ve sunucular\u0131m\u0131z\u0131 Turkcell ve Vodafone&#8217;da yedekli olarak konumland\u0131r\u0131yoruz. T\u00fcm veri trafi\u011fimizi Sa\u011fl\u0131k mevzuat\u0131na uygun olarak T\u00fcrkiye s\u0131n\u0131rlar\u0131 i\u00e7inde tutarken, operasyonlar\u0131m\u0131z\u0131&#8230;<\/p>\n","protected":false},"author":1,"featured_media":0,"parent":0,"menu_order":0,"comment_status":"closed","ping_status":"closed","template":"elementor_header_footer","meta":{"footnotes":""},"class_list":["post-10","page","type-page","status-publish","hentry"],"_links":{"self":[{"href":"https:\/\/www.zetarisk.com\/tr\/index.php?rest_route=\/wp\/v2\/pages\/10","targetHints":{"allow":["GET"]}}],"collection":[{"href":"https:\/\/www.zetarisk.com\/tr\/index.php?rest_route=\/wp\/v2\/pages"}],"about":[{"href":"https:\/\/www.zetarisk.com\/tr\/index.php?rest_route=\/wp\/v2\/types\/page"}],"author":[{"embeddable":true,"href":"https:\/\/www.zetarisk.com\/tr\/index.php?rest_route=\/wp\/v2\/users\/1"}],"replies":[{"embeddable":true,"href":"https:\/\/www.zetarisk.com\/tr\/index.php?rest_route=%2Fwp%2Fv2%2Fcomments&post=10"}],"version-history":[{"count":230,"href":"https:\/\/www.zetarisk.com\/tr\/index.php?rest_route=\/wp\/v2\/pages\/10\/revisions"}],"predecessor-version":[{"id":1500,"href":"https:\/\/www.zetarisk.com\/tr\/index.php?rest_route=\/wp\/v2\/pages\/10\/revisions\/1500"}],"wp:attachment":[{"href":"https:\/\/www.zetarisk.com\/tr\/index.php?rest_route=%2Fwp%2Fv2%2Fmedia&parent=10"}],"curies":[{"name":"wp","href":"https:\/\/api.w.org\/{rel}","templated":true}]}}